{"id":340,"date":"2020-11-26T17:38:39","date_gmt":"2020-11-26T17:38:39","guid":{"rendered":"https:\/\/bykellymedeiros.pt\/?post_type=product&#038;p=340"},"modified":"2023-06-14T15:42:56","modified_gmt":"2023-06-14T15:42:56","slug":"ivybears-vibrant-skin","status":"publish","type":"product","link":"https:\/\/bykellymedeiros.pt\/en\/product\/ivybears-vibrant-skin\/","title":{"rendered":"Ivybears Vibrant Skin"},"content":{"rendered":"<p>Os IVYBEARS\u00ae Vibrant Skin cont\u00eam altas doses de \u00e1cido hialur\u00f3nico e col\u00e1genio. Este complexo vitam\u00ednico ajuda a tornar a pele radiante e bonita, uniforme e suave. As vitaminas estimulam naturalmente os processos de regenera\u00e7\u00e3o da pele a partir do interior, conferindo uma apar\u00eancia jovem e fresca. Estes deliciosos suplementos d\u00e3o \u00e0 sua pele a energia necess\u00e1ria, melhoram a sua apar\u00eancia e conferem elasticidade e frescura. A f\u00f3rmula complexa de VIBRANT SKIN \u00e9 desenvolvida cientificamente por especialistas em sa\u00fade e beleza para tornar a sua pele ainda mais bonita, sendo fabricada na Alemanha sob rigorosos padr\u00f5es de controlo. S\u00e3o naturalmente deliciosos, sem adi\u00e7\u00e3o de corantes e aromas artificiais e sem di\u00f3xido de tit\u00e2nio. Possuem um aroma frutado de mirtilo.<\/p>\n<p><strong>O que \u00e9 o colag\u00e9nio e o que faz?<\/strong><br \/>\nO colag\u00e9nio \u00e9 a prote\u00edna mais abundante no corpo humano. O nosso corpo precisa dele para estabilizar a pele, dentes e ossos. Na pele, fornece a tens\u00e3o necess\u00e1ria, de modo que, por exemplo, as nossas bochechas permane\u00e7am firmes os nossos contornos faciais r\u00edgidos. A redu\u00e7\u00e3o de colag\u00e9nio na pele causada geneticamente n\u00e3o pode ser completamente evitada. Essa perda de tens\u00e3o pode, no entanto, ser retardada pela ingest\u00e3o bem direcionada de colag\u00e9nio.<\/p>\n<p><strong>O que \u00e9 o \u00e1cido hialur\u00f3nico e o que ele faz?<\/strong><br \/>\nO \u00e1cido hialur\u00f3nico \u00e9 um componente natural importante do nosso corpo. Pode ser encontrado em concentra\u00e7\u00f5es particularmente altas na nossa pele, o que proporciona elasticidade e resili\u00eancia. A degrada\u00e7\u00e3o gen\u00e9tica do \u00e1cido hialur\u00f3nico n\u00e3o pode ser completamente evitada. A ingest\u00e3o direcionada de \u00e1cido hialur\u00f3nico pode prevenir os sinais de envelhecimento prematuro da pele.<\/p>\n<p><strong>Benef\u00edcios<\/strong><\/p>\n<p>100% desenvolvido e fabricado na Alemanha<br \/>\nSem di\u00f3xido de tit\u00e2nio<br \/>\nDesenvolvido em conjunto com dermatologistas e especialistas em beleza<br \/>\nReceita natural e deliciosa &#8211; livre de aditivos artificiais<br \/>\nSem gl\u00faten, sem lactose, sem soja, sem sorbitol e sem OGM<br \/>\nIngredientes certificados e aprovados pela UE formulados na Alemanha e aprovados pelo Minist\u00e9rio Federal da Alimenta\u00e7\u00e3o e Sa\u00fade da Alemanha<\/p>\n<p><strong>Como tomar<\/strong><br \/>\nIvybears Hair Vitamins For Women 60 Gomas<\/p>\n<p>Como suplemento, os adultos podem tomar duas gomas por dia. Mastigar bem antes de engolir.<br \/>\nAdvert\u00eancia: N\u00e3o deve ser excedida a toma di\u00e1ria indicada. Os suplementos alimentares n\u00e3o devem ser utilizados como substitutos de um regime alimentar variado.<br \/>\nAdvert\u00eancia: Dever\u00e1 confirmar com o seu m\u00e9dico antes de iniciar o suplemento e revelar-lhe os ingredientes para que possa determinar se pode ou n\u00e3o tom\u00e1-lo.<br \/>\nAdvert\u00eancia: A idade m\u00ednima recomendada para tomar IvyBears ser\u00e1 os 16 anos. Crian\u00e7as com idade inferior devem obter permiss\u00e3o do m\u00e9dico.<br \/>\nAdvert\u00eancia: Se estiver gr\u00e1vida, a amamentar ou a tomar algum medicamento consulte o seu m\u00e9dico antes de usar. Manter fora do alcance de crian\u00e7as.<\/p>\n<p>Os suplementos funcionam melhor quando tomados por um per\u00edodo m\u00ednimo de 3 meses. Os melhores resultados s\u00e3o geralmente vis\u00edveis ap\u00f3s 6 meses, variando de pessoa para pessoa.<\/p>\n<p>1 embalagem = 60 gomas\/150g<\/p>\n<p><strong>Ingredientes<\/strong><br \/>\nDesenvolvida com colag\u00e9nio (marca patenteada VERISOL) e \u00e1cido hialur\u00f3nico. O complexo vitam\u00ednico para a pele cont\u00e9m ingredientes naturais que melhoram o tom e a elasticidade da pele e evitam os sinais de envelhecimento prematuro, deixando-a radiante e bonita. Desta forma, a sua pele \u00e9 idealmente nutrida todos os dias.<\/p>","protected":false},"excerpt":{"rendered":"<p>Vitaminas que ajudam a tornar a pele radiante e bonita, uniforme e suave. 100% Vegan<\/p>","protected":false},"featured_media":3422,"comment_status":"open","ping_status":"closed","template":"","meta":{"_joinchat":[]},"product_cat":[43,35],"product_tag":[39],"_links":{"self":[{"href":"https:\/\/bykellymedeiros.pt\/en\/wp-json\/wp\/v2\/product\/340"}],"collection":[{"href":"https:\/\/bykellymedeiros.pt\/en\/wp-json\/wp\/v2\/product"}],"about":[{"href":"https:\/\/bykellymedeiros.pt\/en\/wp-json\/wp\/v2\/types\/product"}],"replies":[{"embeddable":true,"href":"https:\/\/bykellymedeiros.pt\/en\/wp-json\/wp\/v2\/comments?post=340"}],"wp:featuredmedia":[{"embeddable":true,"href":"https:\/\/bykellymedeiros.pt\/en\/wp-json\/wp\/v2\/media\/3422"}],"wp:attachment":[{"href":"https:\/\/bykellymedeiros.pt\/en\/wp-json\/wp\/v2\/media?parent=340"}],"wp:term":[{"taxonomy":"product_cat","embeddable":true,"href":"https:\/\/bykellymedeiros.pt\/en\/wp-json\/wp\/v2\/product_cat?post=340"},{"taxonomy":"product_tag","embeddable":true,"href":"https:\/\/bykellymedeiros.pt\/en\/wp-json\/wp\/v2\/product_tag?post=340"}],"curies":[{"name":"wp","href":"https:\/\/api.w.org\/{rel}","templated":true}]}}