{"id":334,"date":"2020-11-26T17:21:42","date_gmt":"2020-11-26T17:21:42","guid":{"rendered":"https:\/\/bykellymedeiros.pt\/?post_type=product&#038;p=334"},"modified":"2024-11-03T07:15:32","modified_gmt":"2024-11-03T07:15:32","slug":"ivybears-hair-woman","status":"publish","type":"product","link":"https:\/\/bykellymedeiros.pt\/en\/product\/ivybears-hair-woman\/","title":{"rendered":"Ivybears Hair Woman"},"content":{"rendered":"<p>IvyBears s\u00e3o suplementos para o cabelo em formato goma, f\u00e1ceis de utilizar e desenvolvidos cientificamente para melhorar a condi\u00e7\u00e3o de todos os tipos de cabelo femininos. Indicado para queda de cabelo, cabelo enfraquecido e cabelo sem vida.<br \/>\nAo contr\u00e1rio de outras marcas que utilizam gelatina (feita a partir de partes de animais em ebuli\u00e7\u00e3o) como base para as suas gomas, IvyBears utiliza pectina de alta qualidade. A pectina \u00e9 feita a partir de frutas, por isso \u00e9 mais saud\u00e1vel e cruelty free.<\/p>\n<p>Sem gl\u00faten, sem soja, vegetariano, n\u00e3o testado em animais, kosher, halal produto autorizado.<br \/>\n\u2013 Previne o Envelhecimento<br \/>\n\u2013 Zero A\u00e7\u00facar<\/p>\n<p><strong>NOVA F\u00d3RMULA<\/strong><br \/>\nVegan, sem di\u00f3xido de tit\u00e2nio, aroma natural (agora mais frutado), corante natural, nova textura (para uma toma ainda mais agrad\u00e1vel), novo design, 100% produzido na Alemanha.<\/p>\n<p><strong>Como tomar IvyBears Hair Vitamins For Women 60 Gomas<\/strong><br \/>\nComo suplemento, os adultos podem tomar duas gomas por dia. Mastigar bem antes de engolir.<br \/>\nAdvert\u00eancia: N\u00e3o deve ser excedida a toma di\u00e1ria indicada. Os suplementos alimentares n\u00e3o devem ser utilizados como substitutos de um regime alimentar variado.<br \/>\nAdvert\u00eancia: Dever\u00e1 confirmar com o seu m\u00e9dico antes de iniciar o suplemento e revelar-lhe os ingredientes para que possa determinar se pode ou n\u00e3o tom\u00e1-lo.<br \/>\nAdvert\u00eancia: A idade m\u00ednima recomendada para tomar IvyBears ser\u00e1 os 16 anos. Crian\u00e7as com idade inferior devem obter permiss\u00e3o do m\u00e9dico.<br \/>\nAdvert\u00eancia: Se estiver gr\u00e1vida, a amamentar ou a tomar algum medicamento consulte o seu m\u00e9dico antes de usar. Manter fora do alcance de crian\u00e7as.<\/p>\n<p>Os suplementos funcionam melhor quando tomados por um per\u00edodo m\u00ednimo de 3 meses. Os melhores resultados s\u00e3o geralmente vis\u00edveis ap\u00f3s 6 meses, variando de pessoa para pessoa.<\/p>\n<p>1 embalagem = 60 gomas<\/p>\n<p><strong>Ingredientes<\/strong><br \/>\nF\u00f3rmula nutritiva \u00e0 base de biotina, \u00e1cido f\u00f3lico e vitamina C, permitindo fornecer nutrientes importantes ao crescimento saud\u00e1vel, fortalecimento e brilho do seu cabelo e unhas.<\/p>","protected":false},"excerpt":{"rendered":"<p>Vitaminas para mulher que ajudam na queda de cabelo, cabelo enfraquecido e cabelo sem vida.<\/p>","protected":false},"featured_media":3421,"comment_status":"open","ping_status":"closed","template":"","meta":{"_joinchat":[]},"product_cat":[43,35],"product_tag":[37],"_links":{"self":[{"href":"https:\/\/bykellymedeiros.pt\/en\/wp-json\/wp\/v2\/product\/334"}],"collection":[{"href":"https:\/\/bykellymedeiros.pt\/en\/wp-json\/wp\/v2\/product"}],"about":[{"href":"https:\/\/bykellymedeiros.pt\/en\/wp-json\/wp\/v2\/types\/product"}],"replies":[{"embeddable":true,"href":"https:\/\/bykellymedeiros.pt\/en\/wp-json\/wp\/v2\/comments?post=334"}],"wp:featuredmedia":[{"embeddable":true,"href":"https:\/\/bykellymedeiros.pt\/en\/wp-json\/wp\/v2\/media\/3421"}],"wp:attachment":[{"href":"https:\/\/bykellymedeiros.pt\/en\/wp-json\/wp\/v2\/media?parent=334"}],"wp:term":[{"taxonomy":"product_cat","embeddable":true,"href":"https:\/\/bykellymedeiros.pt\/en\/wp-json\/wp\/v2\/product_cat?post=334"},{"taxonomy":"product_tag","embeddable":true,"href":"https:\/\/bykellymedeiros.pt\/en\/wp-json\/wp\/v2\/product_tag?post=334"}],"curies":[{"name":"wp","href":"https:\/\/api.w.org\/{rel}","templated":true}]}}