{"id":3329,"date":"2022-09-12T15:59:22","date_gmt":"2022-09-12T15:59:22","guid":{"rendered":"https:\/\/bykellymedeiros.pt\/?post_type=product&#038;p=3329"},"modified":"2023-05-08T16:06:45","modified_gmt":"2023-05-08T16:06:45","slug":"cafe-maritas","status":"publish","type":"product","link":"https:\/\/bykellymedeiros.pt\/en\/product\/cafe-maritas\/","title":{"rendered":"Maritas Coffee"},"content":{"rendered":"<p>Caf\u00e9 Marita \u00e9 um saboroso caf\u00e9 gourmet sol\u00favel com Erva Mate e Garcinia Cambogia, que ajuda a acelerar o metabolismo, queimar gordura, inibir o apetite, aumentar o colesterol bom e diminuir o colesterol ruim, \u00e9 essencial para circula\u00e7\u00e3o sangu\u00ednea. Substitua o seu caf\u00e9 tradicional pelo Caf\u00e9 Marita e tenha mais benef\u00edcios no seu dia a dia. BLEND PARA PREPARO DE BEBIDAS \u00c0 BASE DE CAF\u00c9 GOURMET SOL\u00daVEL, EXTRATO DE ERVA-MATE E GARC\u00cdNIA CAMBOGIA. A Erva Mate \/ Ilex Paraguariensis \u00e9 uma planta medicinal muito cultivada na regi\u00e3o Sul do Brasil, sendo utilizada como rem\u00e9dio caseiro para o colesterol devido \u00e0s suas propriedades. Possui cafe\u00edna, teofilina, teobromina, \u00e1cidos f\u00f3licos, taninos, minerais e vitaminas A, B1, B2, C e E, e por isso atua como antioxidante, diur\u00e9tico, estimulante e afrodis\u00edaco. BENEF\u00cdCIOS \u2022 Colabora na sa\u00fade cardiovascular \u2022 Aumenta o bom colesterol \u2022 Oferece mais resist\u00eancia f\u00edsica \u2022 Ajuda a retardar o envelhecimento A Garc\u00ednia Cambogia \u00e9 uma planta t\u00edpica das regi\u00f5es das florestas do Camboja, da Polin\u00e9sia e Sul da \u00c1frica, que al\u00e9m de ajudar a diminuir os triglicer\u00eddeos, tamb\u00e9m possui efeito termog\u00eanico, aumentando a temperatura do corpo, acelerando o metabolismo e auxiliando no emagrecimento. BENEF\u00cdCIOS \u2022 Devido \u00e0 presen\u00e7a de \u00e1cido hidroxic\u00edtrico (HCA) \u00e9 eficaz na redu\u00e7\u00e3o de peso \u2022 Evita a forma\u00e7\u00e3o de novas c\u00e9lulas de gordura \u2022 Promove a saciedade, reduzindo o apetite \u2022 Auxilia na redu\u00e7\u00e3o do mau colesterol, desobstru\u00e7\u00e3o de art\u00e9rias e elevados n\u00edveis de triglicer\u00eddeos \u2022 Atua como anti-inflamat\u00f3rio e protege contra doen\u00e7as g\u00e1stricas \u2022 Estimula libera\u00e7\u00e3o de serotonina, proporcionando mais energia \u2022 Tem a\u00e7\u00e3o antioxidante \u2022 Combate a depress\u00e3o \u2022 Estimula o libido \u2022 Controla a ansiedade Para ter bons resultados tome o Caf\u00e9 Marita no m\u00ednimo 3 vezes ao dia, antes das principais refei\u00e7\u00f5es, com \u00e1gua e ado\u00e7ado com Marita St\u00e9via. Mas se voc\u00ea \u00e9 uma pessoa acostumada a tomar caf\u00e9 quatro ou cinco vezes ao dia, tamb\u00e9m poder\u00e1 tomar o Caf\u00e9 Marita quatro ou cinco ao vezes.<\/p>\n<p><strong>Ideal para<\/strong><\/p>\n<p>\u2013 Auxilia no emagrecimento<br \/>\n\u2013 Bloqueia a gordura e o a\u00e7\u00facar<br \/>\n\u2013 D\u00e1 mais disposi\u00e7\u00e3o para atividades di\u00e1rias<br \/>\n\u2013 Melhora a circula\u00e7\u00e3o sangu\u00ednea<br \/>\n\u2013 Acelera o metabolismo<br \/>\n\u2013 Possui a\u00e7\u00e3o diur\u00e9tica<br \/>\n\u2013 Colabora na sa\u00fade cardiovascular<br \/>\n\u2013 Ajuda a retardar o envelhecimento<br \/>\n\u2013 Estimula a libera\u00e7\u00e3o de serotonina<br \/>\n\u2013 Facilita a digest\u00e3o<br \/>\n\u2013 Atua como antioxidante<br \/>\n\u2013 Causa a sensa\u00e7\u00e3o de saciedade<\/p>","protected":false},"excerpt":{"rendered":"<p>Caf\u00e9 saboroso para ajudar na perda e controle de peso, com in\u00fameros benef\u00edcios extra.<\/p>","protected":false},"featured_media":3420,"comment_status":"open","ping_status":"closed","template":"","meta":{"_joinchat":[]},"product_cat":[34,52,44,35],"product_tag":[38,36],"_links":{"self":[{"href":"https:\/\/bykellymedeiros.pt\/en\/wp-json\/wp\/v2\/product\/3329"}],"collection":[{"href":"https:\/\/bykellymedeiros.pt\/en\/wp-json\/wp\/v2\/product"}],"about":[{"href":"https:\/\/bykellymedeiros.pt\/en\/wp-json\/wp\/v2\/types\/product"}],"replies":[{"embeddable":true,"href":"https:\/\/bykellymedeiros.pt\/en\/wp-json\/wp\/v2\/comments?post=3329"}],"wp:featuredmedia":[{"embeddable":true,"href":"https:\/\/bykellymedeiros.pt\/en\/wp-json\/wp\/v2\/media\/3420"}],"wp:attachment":[{"href":"https:\/\/bykellymedeiros.pt\/en\/wp-json\/wp\/v2\/media?parent=3329"}],"wp:term":[{"taxonomy":"product_cat","embeddable":true,"href":"https:\/\/bykellymedeiros.pt\/en\/wp-json\/wp\/v2\/product_cat?post=3329"},{"taxonomy":"product_tag","embeddable":true,"href":"https:\/\/bykellymedeiros.pt\/en\/wp-json\/wp\/v2\/product_tag?post=3329"}],"curies":[{"name":"wp","href":"https:\/\/api.w.org\/{rel}","templated":true}]}}