{"id":3325,"date":"2022-09-12T15:55:03","date_gmt":"2022-09-12T15:55:03","guid":{"rendered":"https:\/\/bykellymedeiros.pt\/?post_type=product&#038;p=3325"},"modified":"2025-06-25T14:24:21","modified_gmt":"2025-06-25T14:24:21","slug":"kelly-gummy-pack-2","status":"publish","type":"product","link":"https:\/\/bykellymedeiros.pt\/en\/product\/kelly-gummy-pack-2\/","title":{"rendered":"Kelly Gummy \u2013 Pack 2"},"content":{"rendered":"<p>E se houvesse um f\u00f3rmula deliciosa de fortalecer o fio de cabelo e unhas e estimular o seu crescimento? Agora j\u00e1 h\u00e1 gra\u00e7as \u00e0s Kellygummy, sem a\u00e7ucar!<\/p>\n<p><strong>Principais Benef\u00edcios<br \/>\n<\/strong>Faz o o cabelo mais forte e mais volumoso<br \/>\nFortalece as unhas<br \/>\nD\u00e1-te impulso energ\u00e9tico<\/p>\n<p><strong>Componentes<br \/>\n<\/strong>A Biotina, a Vitamina A, o Iodo e o Zinco contribuem para a manuten\u00e7\u00e3o de uma pele normal.<br \/>\nA Vitamina C contribui para a normal forma\u00e7\u00e3o de colag\u00e9nio para funcionamento normal da pele.<br \/>\nA Biotina, o Zinco e o Sel\u00e9nio contribuem para a manuten\u00e7\u00e3o de cabelo normal.<br \/>\nO Sel\u00e9nio e o Zinco contribuem para a manuten\u00e7\u00e3o de unhas normais.<\/p>\n<p>Para saber mais sobre todos os beneficios da Kellygummy consulte o nosso artigo mais recente <a href=\"https:\/\/bykellymedeiros.pt\/en\/2022\/12\/02\/novas-gomas-kellygummy\/\">aqui.<\/a><\/p>\n<p>&nbsp;<\/p>\n<p>&nbsp;<\/p>","protected":false},"excerpt":{"rendered":"<p>Porqu\u00ea tomar 3 multivitamin\u00edcos quando podes apenas tomar um? Com a kellygummy, numa \u00fanica toma tratas to cabelo, unhas e sentir\u00e1s um impulso de energia!<\/p>","protected":false},"featured_media":3414,"comment_status":"open","ping_status":"closed","template":"","meta":{"_joinchat":[]},"product_cat":[34,95,35],"product_tag":[38,37],"_links":{"self":[{"href":"https:\/\/bykellymedeiros.pt\/en\/wp-json\/wp\/v2\/product\/3325"}],"collection":[{"href":"https:\/\/bykellymedeiros.pt\/en\/wp-json\/wp\/v2\/product"}],"about":[{"href":"https:\/\/bykellymedeiros.pt\/en\/wp-json\/wp\/v2\/types\/product"}],"replies":[{"embeddable":true,"href":"https:\/\/bykellymedeiros.pt\/en\/wp-json\/wp\/v2\/comments?post=3325"}],"wp:featuredmedia":[{"embeddable":true,"href":"https:\/\/bykellymedeiros.pt\/en\/wp-json\/wp\/v2\/media\/3414"}],"wp:attachment":[{"href":"https:\/\/bykellymedeiros.pt\/en\/wp-json\/wp\/v2\/media?parent=3325"}],"wp:term":[{"taxonomy":"product_cat","embeddable":true,"href":"https:\/\/bykellymedeiros.pt\/en\/wp-json\/wp\/v2\/product_cat?post=3325"},{"taxonomy":"product_tag","embeddable":true,"href":"https:\/\/bykellymedeiros.pt\/en\/wp-json\/wp\/v2\/product_tag?post=3325"}],"curies":[{"name":"wp","href":"https:\/\/api.w.org\/{rel}","templated":true}]}}