{"id":410,"date":"2020-11-27T12:38:04","date_gmt":"2020-11-27T12:38:04","guid":{"rendered":"https:\/\/bykellymedeiros.pt\/?page_id=410"},"modified":"2022-12-02T15:43:59","modified_gmt":"2022-12-02T15:43:59","slug":"politica-de-devolucao","status":"publish","type":"page","link":"https:\/\/bykellymedeiros.pt\/en\/politica-de-devolucao\/","title":{"rendered":"Return policy"},"content":{"rendered":"<div data-elementor-type=\"wp-page\" data-elementor-id=\"410\" class=\"elementor elementor-410\">\n\t\t\t\t\t\t<div class=\"elementor-inner\">\n\t\t\t\t<div class=\"elementor-section-wrap\">\n\t\t\t\t\t\t\t\t\t<section class=\"elementor-section elementor-top-section elementor-element elementor-element-2cfb866f elementor-section-stretched elementor-section-boxed elementor-section-height-default elementor-section-height-default\" data-id=\"2cfb866f\" data-element_type=\"section\" data-settings=\"{&quot;stretch_section&quot;:&quot;section-stretched&quot;,&quot;background_background&quot;:&quot;classic&quot;}\">\n\t\t\t\t\t\t<div class=\"elementor-container elementor-column-gap-default\">\n\t\t\t\t\t\t\t<div class=\"elementor-row\">\n\t\t\t\t\t<div class=\"elementor-column elementor-col-100 elementor-top-column elementor-element elementor-element-2f096beb\" data-id=\"2f096beb\" data-element_type=\"column\">\n\t\t\t<div class=\"elementor-column-wrap elementor-element-populated\">\n\t\t\t\t\t\t\t<div class=\"elementor-widget-wrap\">\n\t\t\t\t\t\t<div class=\"elementor-element elementor-element-5affa900 elementor-widget elementor-widget-text-editor\" data-id=\"5affa900\" data-element_type=\"widget\" data-widget_type=\"text-editor.default\">\n\t\t\t\t<div class=\"elementor-widget-container\">\n\t\t\t\t\t\t\t\t<div class=\"elementor-text-editor elementor-clearfix\">\n\t\t\t\t<div id=\"privacy-text\" class=\"tab-final-content\"><div id=\"terms-text\" class=\"tab-final-content\"><h2>1. Exchange, Return and Regret Policy<\/h2><article id=\"contract\" class=\"contract__copywrite\"><p>bykellymedeiros uses state-of-the-art technology to manufacture its products, striving for quality and customer satisfaction. Out of respect and in order to maintain the credibility gained from its consumers, the company created an exchange and return policy in accordance with the Consumer Protection Code, and concerned that you (the client) obtain an effective, agile and, above all, negotiation satisfactory.<\/p><p>If you choose to contact us via email or telephone, you will be sent a form to complete and send along with the piece(s). The product returned without this form and\/or without communication to the SAC will be resent without prior consultation.<\/p><p>When carrying out the return\/exchange process, the customer must, on the back of the invoice to be returned\/exchanged, inform the reason for the return\/exchange, the name of the person returning it, identification number and the date of return.<\/p><p>Observing the following conditions: The product cannot have signs of use.<\/p><p>The product must be shipped preferably in the original packaging, accompanied by the invoice, labels, tags (label with product reference code) duly attached to the product and all its accessories.<\/p><p>When carrying out the return process, the customer must, on the back of the invoice to be returned, inform the reason for the refusal\/return, the name of the person returning, identification number and the date of return.<\/p><\/article><\/div><\/div>\t\t\t\t\t<\/div>\n\t\t\t\t\t\t<\/div>\n\t\t\t\t<\/div>\n\t\t\t\t\t\t<\/div>\n\t\t\t\t\t<\/div>\n\t\t<\/div>\n\t\t\t\t\t\t\t\t<\/div>\n\t\t\t\t\t<\/div>\n\t\t<\/section>\n\t\t\t\t\t\t\t\t\t<\/div>\n\t\t\t<\/div>\n\t\t\t\t\t<\/div>","protected":false},"excerpt":{"rendered":"<p>1. Pol\u00edtica de Troca, Devolu\u00e7\u00e3o e Arrependimento A bykellymedeiros utiliza tecnologia de ponta para a fabrica\u00e7\u00e3o de seus produtos, primando pela qualidade e satisfa\u00e7\u00e3o de seus clientes. Pelo respeito e&hellip;<\/p>","protected":false},"author":1,"featured_media":0,"parent":0,"menu_order":0,"comment_status":"closed","ping_status":"open","template":"","meta":{"_joinchat":[]},"_links":{"self":[{"href":"https:\/\/bykellymedeiros.pt\/en\/wp-json\/wp\/v2\/pages\/410"}],"collection":[{"href":"https:\/\/bykellymedeiros.pt\/en\/wp-json\/wp\/v2\/pages"}],"about":[{"href":"https:\/\/bykellymedeiros.pt\/en\/wp-json\/wp\/v2\/types\/page"}],"author":[{"embeddable":true,"href":"https:\/\/bykellymedeiros.pt\/en\/wp-json\/wp\/v2\/users\/1"}],"replies":[{"embeddable":true,"href":"https:\/\/bykellymedeiros.pt\/en\/wp-json\/wp\/v2\/comments?post=410"}],"version-history":[{"count":0,"href":"https:\/\/bykellymedeiros.pt\/en\/wp-json\/wp\/v2\/pages\/410\/revisions"}],"wp:attachment":[{"href":"https:\/\/bykellymedeiros.pt\/en\/wp-json\/wp\/v2\/media?parent=410"}],"curies":[{"name":"wp","href":"https:\/\/api.w.org\/{rel}","templated":true}]}}